{"id":1538,"date":"2024-08-28T10:35:04","date_gmt":"2024-08-28T08:35:04","guid":{"rendered":"https:\/\/makg.de\/product\/harnstoff\/"},"modified":"2024-08-28T10:35:04","modified_gmt":"2024-08-28T08:35:04","slug":"harnstoff","status":"publish","type":"product","link":"https:\/\/makg.de\/de\/produkt\/harnstoff\/","title":{"rendered":"Harnstoff"},"content":{"rendered":"<p><strong>Allgemeine Beschreibung des Produkts \/ Anwendung:<\/strong><\/p>\n<p>Harnstoff ist ein hochkonzentrierter Stickstoffd\u00fcnger, der 46% Stickstoff enth\u00e4lt und in Granulatform vorliegt. Da es sich nicht um ein gef\u00e4hrliches Material handelt, kann der Transport, die Lagerung und die Anwendung des Stickstoffd\u00fcngers sehr einfach und praktisch sein.<\/p>\n","protected":false},"excerpt":{"rendered":"<p>Allgemeine Beschreibung des Produkts \/ Anwendung: Harnstoff ist ein hochkonzentrierter Stickstoffd\u00fcnger, der 46% Stickstoff enth\u00e4lt und in Granulatform vorliegt. Da es sich nicht um ein gef\u00e4hrliches Material handelt, kann der&#8230;<\/p>\n","protected":false},"featured_media":1402,"comment_status":"closed","ping_status":"closed","template":"","meta":{"_seopress_robots_primary_cat":"none","_seopress_titles_title":"","_seopress_titles_desc":"","_seopress_robots_index":""},"product_brand":[],"product_cat":[38],"product_tag":[],"class_list":{"0":"post-1538","1":"product","2":"type-product","3":"status-publish","4":"has-post-thumbnail","6":"product_cat-chemie-agrar-de","8":"first","9":"instock","10":"taxable","11":"shipping-taxable","12":"purchasable","13":"product-type-variable"},"meta_box":[],"_links":{"self":[{"href":"https:\/\/makg.de\/de\/wp-json\/wp\/v2\/product\/1538","targetHints":{"allow":["GET"]}}],"collection":[{"href":"https:\/\/makg.de\/de\/wp-json\/wp\/v2\/product"}],"about":[{"href":"https:\/\/makg.de\/de\/wp-json\/wp\/v2\/types\/product"}],"replies":[{"embeddable":true,"href":"https:\/\/makg.de\/de\/wp-json\/wp\/v2\/comments?post=1538"}],"wp:featuredmedia":[{"embeddable":true,"href":"https:\/\/makg.de\/de\/wp-json\/wp\/v2\/media\/1402"}],"wp:attachment":[{"href":"https:\/\/makg.de\/de\/wp-json\/wp\/v2\/media?parent=1538"}],"wp:term":[{"taxonomy":"product_brand","embeddable":true,"href":"https:\/\/makg.de\/de\/wp-json\/wp\/v2\/product_brand?post=1538"},{"taxonomy":"product_cat","embeddable":true,"href":"https:\/\/makg.de\/de\/wp-json\/wp\/v2\/product_cat?post=1538"},{"taxonomy":"product_tag","embeddable":true,"href":"https:\/\/makg.de\/de\/wp-json\/wp\/v2\/product_tag?post=1538"}],"curies":[{"name":"wp","href":"https:\/\/api.w.org\/{rel}","templated":true}]}}