{"id":1532,"date":"2024-09-04T09:14:50","date_gmt":"2024-09-04T07:14:50","guid":{"rendered":"https:\/\/makg.de\/product\/premium-fliessen\/"},"modified":"2024-09-04T09:14:50","modified_gmt":"2024-09-04T07:14:50","slug":"premium-fliessen","status":"publish","type":"product","link":"https:\/\/makg.de\/de\/produkt\/premium-fliessen\/","title":{"rendered":"Premium Flie\u00dfen"},"content":{"rendered":"<p>Unsere hochwertigen Fliesen eignen sich f\u00fcr B\u00f6den und W\u00e4nde. Sie sind langlebig, pflegeleicht und ideal f\u00fcr stark frequentierte Bereiche wie K\u00fcchen und Badezimmer.<br \/> <strong>Der angezeigte Preis entspricht 1000 Quadratmetern<\/strong><\/p>\n","protected":false},"excerpt":{"rendered":"<p>Unsere hochwertigen Fliesen eignen sich f\u00fcr B\u00f6den und W\u00e4nde. Sie sind langlebig, pflegeleicht und ideal f\u00fcr stark frequentierte Bereiche wie K\u00fcchen und Badezimmer. Der angezeigte Preis entspricht 1000 Quadratmetern<\/p>\n","protected":false},"featured_media":1350,"comment_status":"closed","ping_status":"closed","template":"","meta":{"_seopress_robots_primary_cat":"none","_seopress_titles_title":"","_seopress_titles_desc":"","_seopress_robots_index":""},"product_brand":[],"product_cat":[37],"product_tag":[],"class_list":{"0":"post-1532","1":"product","2":"type-product","3":"status-publish","4":"has-post-thumbnail","6":"product_cat-baustoffe-de","8":"first","9":"instock","10":"taxable","11":"shipping-taxable","12":"purchasable","13":"product-type-variable"},"meta_box":[],"_links":{"self":[{"href":"https:\/\/makg.de\/de\/wp-json\/wp\/v2\/product\/1532","targetHints":{"allow":["GET"]}}],"collection":[{"href":"https:\/\/makg.de\/de\/wp-json\/wp\/v2\/product"}],"about":[{"href":"https:\/\/makg.de\/de\/wp-json\/wp\/v2\/types\/product"}],"replies":[{"embeddable":true,"href":"https:\/\/makg.de\/de\/wp-json\/wp\/v2\/comments?post=1532"}],"wp:featuredmedia":[{"embeddable":true,"href":"https:\/\/makg.de\/de\/wp-json\/wp\/v2\/media\/1350"}],"wp:attachment":[{"href":"https:\/\/makg.de\/de\/wp-json\/wp\/v2\/media?parent=1532"}],"wp:term":[{"taxonomy":"product_brand","embeddable":true,"href":"https:\/\/makg.de\/de\/wp-json\/wp\/v2\/product_brand?post=1532"},{"taxonomy":"product_cat","embeddable":true,"href":"https:\/\/makg.de\/de\/wp-json\/wp\/v2\/product_cat?post=1532"},{"taxonomy":"product_tag","embeddable":true,"href":"https:\/\/makg.de\/de\/wp-json\/wp\/v2\/product_tag?post=1532"}],"curies":[{"name":"wp","href":"https:\/\/api.w.org\/{rel}","templated":true}]}}