{"id":1525,"date":"2024-08-28T10:53:33","date_gmt":"2024-08-28T08:53:33","guid":{"rendered":"https:\/\/makg.de\/product\/adblue\/"},"modified":"2024-10-07T16:13:36","modified_gmt":"2024-10-07T14:13:36","slug":"adblue","status":"publish","type":"product","link":"https:\/\/makg.de\/de\/produkt\/adblue\/","title":{"rendered":"AdBlue"},"content":{"rendered":"<p>AdBlue ist eine Dieselabgasfl\u00fcssigkeit, die in Fahrzeugen mit selektiver katalytischer Reduktionstechnologie (SCR) verwendet wird, um die sch\u00e4dlichen Abgase zu reduzieren, die in die Atmosph\u00e4re abgegeben werden.  AdBlue ist eine 32,5%ige L\u00f6sung aus hochwertigem, synthetisch hergestelltem Harnstoff und entmineralisiertem Wasser. Es ist eine Fl\u00fcssigkeit, die sicher in der Anwendung ist.<\/p>\n","protected":false},"excerpt":{"rendered":"<p>AdBlue ist eine Dieselabgasfl\u00fcssigkeit, die in Fahrzeugen mit selektiver katalytischer Reduktionstechnologie (SCR) verwendet wird, um die sch\u00e4dlichen Abgase zu reduzieren, die in die Atmosph\u00e4re abgegeben werden. AdBlue ist eine 32,5%ige&#8230;<\/p>\n","protected":false},"featured_media":1442,"comment_status":"closed","ping_status":"closed","template":"","meta":{"_seopress_robots_primary_cat":"none","_seopress_titles_title":"","_seopress_titles_desc":"","_seopress_robots_index":""},"product_brand":[],"product_cat":[36],"product_tag":[],"class_list":{"0":"post-1525","1":"product","2":"type-product","3":"status-publish","4":"has-post-thumbnail","6":"product_cat-chemie-kfz-de","8":"first","9":"instock","10":"taxable","11":"shipping-taxable","12":"purchasable","13":"product-type-variable"},"meta_box":[],"_links":{"self":[{"href":"https:\/\/makg.de\/de\/wp-json\/wp\/v2\/product\/1525","targetHints":{"allow":["GET"]}}],"collection":[{"href":"https:\/\/makg.de\/de\/wp-json\/wp\/v2\/product"}],"about":[{"href":"https:\/\/makg.de\/de\/wp-json\/wp\/v2\/types\/product"}],"replies":[{"embeddable":true,"href":"https:\/\/makg.de\/de\/wp-json\/wp\/v2\/comments?post=1525"}],"wp:featuredmedia":[{"embeddable":true,"href":"https:\/\/makg.de\/de\/wp-json\/wp\/v2\/media\/1442"}],"wp:attachment":[{"href":"https:\/\/makg.de\/de\/wp-json\/wp\/v2\/media?parent=1525"}],"wp:term":[{"taxonomy":"product_brand","embeddable":true,"href":"https:\/\/makg.de\/de\/wp-json\/wp\/v2\/product_brand?post=1525"},{"taxonomy":"product_cat","embeddable":true,"href":"https:\/\/makg.de\/de\/wp-json\/wp\/v2\/product_cat?post=1525"},{"taxonomy":"product_tag","embeddable":true,"href":"https:\/\/makg.de\/de\/wp-json\/wp\/v2\/product_tag?post=1525"}],"curies":[{"name":"wp","href":"https:\/\/api.w.org\/{rel}","templated":true}]}}